{"id":683,"date":"2018-10-16T04:13:03","date_gmt":"2018-10-16T04:13:03","guid":{"rendered":"http:\/\/themes.themegoods.com\/musico\/demo\/?page_id=683"},"modified":"2025-09-16T18:57:55","modified_gmt":"2025-09-16T18:57:55","slug":"single-album","status":"publish","type":"page","link":"https:\/\/muhammedyildirir.com\/tr\/single-album\/","title":{"rendered":"Single Album"},"content":{"rendered":"\t\t<div data-elementor-type=\"wp-post\" data-elementor-id=\"683\" class=\"elementor elementor-683\">\n\t\t\t\t\t\t<section class=\"elementor-section elementor-top-section elementor-element elementor-element-56c581b elementor-section-content-middle elementor-section-boxed elementor-section-height-default elementor-section-height-default\" data-id=\"56c581b\" data-element_type=\"section\">\n\t\t\t\t\t\t<div class=\"elementor-container elementor-column-gap-wider\">\n\t\t\t\t\t<div class=\"elementor-column elementor-col-33 elementor-top-column elementor-element elementor-element-8f3616c\" data-id=\"8f3616c\" data-element_type=\"column\">\n\t\t\t<div class=\"elementor-widget-wrap elementor-element-populated\">\n\t\t\t\t\t\t<div class=\"elementor-element elementor-element-0043442 animated-fast elementor-invisible elementor-widget elementor-widget-musico-music-player\" data-id=\"0043442\" data-element_type=\"widget\" data-settings=\"{&quot;_animation&quot;:&quot;fadeInRight&quot;}\" data-widget_type=\"musico-music-player.default\">\n\t\t\t\t<div class=\"elementor-widget-container\">\n\t\t\t<input type=\"hidden\" id=\"0043442_songlist\" value=\"[{&quot;title&quot;:&quot;The Carnival\\u200b&quot;,&quot;artist&quot;:&quot;2024&quot;,&quot;mp3&quot;:&quot;&quot;,&quot;poster&quot;:&quot;https:\\\/\\\/muhammedyildirir.com\\\/tr\\\/wp-content\\\/uploads\\\/2024\\\/12\\\/spotify-2-150x150.jpg&quot;}]\"\/>\n<div class=\"music_player\" data-songlist=\"0043442_songlist\">\n\t<div class=\"player\">\n\t\t<div class=\"player__background\"><\/div>\n\t\t<img decoding=\"async\" src=\"https:\/\/muhammedyildirir.com\/tr\/wp-content\/themes\/musico\/images\/default-image.jpg\" alt=\"\" class=\"player__img\">\n\t\t<h2 class=\"player__title\"><\/h2>\n\t\t<h3 class=\"player__artist\"><\/h3>\n\t\t<div class=\"player__controls\">\n\t\t\t<a href=\"javascript:;\" class=\"player__controls__prev\"><i class=\"fa fa-backward\"><\/i><\/a>\n\t\t\t<a href=\"javascript:;\" class=\"player__controls__play\"><i class=\"fa fa-play\"><\/i><\/a>\n\t\t\t<a href=\"javascript:;\" class=\"player__controls__next\"><i class=\"fa fa-forward\"><\/i><\/a>\n\t\t<\/div>\n\t\t<div class=\"player__scrubber\">\n\t\t  \t<div class=\"player__scrubber__fill\"><\/div>\n\t\t  \t<div class=\"player__scrubber__handle\"><\/div>\n\t\t<\/div>\n\t\t<div class=\"player__time\">\n\t\t  \t<div class=\"player__time__played\">0:00<\/div>\n\t\t  \t<div class=\"player__time__duration\">-:--<\/div>\n\t\t<\/div>\n\t<\/div>\n<\/div>\n\t\t<\/div>\n\t\t\t\t<\/div>\n\t\t\t\t\t<\/div>\n\t\t<\/div>\n\t\t\t\t<div class=\"elementor-column elementor-col-66 elementor-top-column elementor-element elementor-element-40716e5\" data-id=\"40716e5\" data-element_type=\"column\">\n\t\t\t<div class=\"elementor-widget-wrap elementor-element-populated\">\n\t\t\t\t\t\t<div class=\"elementor-element elementor-element-3201101 animated-fast elementor-invisible elementor-widget elementor-widget-heading\" data-id=\"3201101\" data-element_type=\"widget\" data-settings=\"{&quot;_animation&quot;:&quot;fadeInLeft&quot;,&quot;_animation_delay&quot;:200}\" data-widget_type=\"heading.default\">\n\t\t\t\t<div class=\"elementor-widget-container\">\n\t\t\t<h1 class=\"elementor-heading-title elementor-size-default\">The Carnival<\/h1>\t\t<\/div>\n\t\t\t\t<\/div>\n\t\t\t\t<div class=\"elementor-element elementor-element-4559e2c animated-fast elementor-invisible elementor-widget elementor-widget-text-editor\" data-id=\"4559e2c\" data-element_type=\"widget\" data-settings=\"{&quot;_animation&quot;:&quot;fadeInLeft&quot;,&quot;_animation_delay&quot;:250}\" data-widget_type=\"text-editor.default\">\n\t\t\t\t<div class=\"elementor-widget-container\">\n\t\t\t\t\t\t\t<p data-start=\"52\" data-end=\"179\">&#8220;The Carnival&#8221; ile caz, \u00e7ingene, alaturka ve klasik melodileri bir araya getirerek m\u00fczi\u011fin s\u0131n\u0131rlar\u0131n\u0131 zorlamay\u0131 ama\u00e7lad\u0131m.<\/p><p data-start=\"52\" data-end=\"179\"><span style=\"font-size: 16px; letter-spacing: 0px;\">Piyano, keman, \u00e7ingene gitar\u0131, kontrbas ve ney gibi zengin enstr\u00fcmanlarla haz\u0131rlanm\u0131\u015f bu alb\u00fcm, siz dinleyicilerimi k\u00fclt\u00fcrel bir mozaikte keyifli bir yolculu\u011fa \u00e7\u0131karmak i\u00e7in tasarland\u0131.<\/span><\/p><p data-start=\"52\" data-end=\"179\"><span style=\"font-size: 16px; letter-spacing: 0px;\">Bu m\u00fczik karnaval\u0131nda sizi dansa kat\u0131lmaya davet ediyorum!<\/span><\/p>\t\t\t\t\t\t<\/div>\n\t\t\t\t<\/div>\n\t\t\t\t<div class=\"elementor-element elementor-element-926a85e animated-fast elementor-invisible elementor-widget elementor-widget-heading\" data-id=\"926a85e\" data-element_type=\"widget\" data-settings=\"{&quot;_animation&quot;:&quot;fadeInLeft&quot;,&quot;_animation_delay&quot;:350}\" data-widget_type=\"heading.default\">\n\t\t\t\t<div class=\"elementor-widget-container\">\n\t\t\t<h3 class=\"elementor-heading-title elementor-size-default\">Dinle<\/h3>\t\t<\/div>\n\t\t\t\t<\/div>\n\t\t\t\t<section class=\"elementor-section elementor-inner-section elementor-element elementor-element-dade8b8 elementor-section-boxed elementor-section-height-default elementor-section-height-default\" data-id=\"dade8b8\" data-element_type=\"section\">\n\t\t\t\t\t\t<div class=\"elementor-container elementor-column-gap-no\">\n\t\t\t\t\t<div class=\"elementor-column elementor-col-33 elementor-inner-column elementor-element elementor-element-0b6cb07\" data-id=\"0b6cb07\" data-element_type=\"column\">\n\t\t\t<div class=\"elementor-widget-wrap elementor-element-populated\">\n\t\t\t\t\t\t<div class=\"elementor-element elementor-element-5624464 animated-fast elementor-invisible elementor-widget elementor-widget-button\" data-id=\"5624464\" data-element_type=\"widget\" data-settings=\"{&quot;_animation&quot;:&quot;fadeInLeft&quot;,&quot;_animation_delay&quot;:400}\" data-widget_type=\"button.default\">\n\t\t\t\t<div class=\"elementor-widget-container\">\n\t\t\t\t\t\t\t<div class=\"elementor-button-wrapper\">\n\t\t\t\t\t<a class=\"elementor-button elementor-button-link elementor-size-sm\" href=\"https:\/\/music.apple.com\/tr\/album\/the-carnival\/1784865441?l=tr\">\n\t\t\t\t\t\t<span class=\"elementor-button-content-wrapper\">\n\t\t\t\t\t\t<span class=\"elementor-button-icon\">\n\t\t\t\t<svg aria-hidden=\"true\" class=\"e-font-icon-svg e-fab-apple\" viewBox=\"0 0 384 512\" xmlns=\"http:\/\/www.w3.org\/2000\/svg\"><path d=\"M318.7 268.7c-.2-36.7 16.4-64.4 50-84.8-18.8-26.9-47.2-41.7-84.7-44.6-35.5-2.8-74.3 20.7-88.5 20.7-15 0-49.4-19.7-76.4-19.7C63.3 141.2 4 184.8 4 273.5q0 39.3 14.4 81.2c12.8 36.7 59 126.7 107.2 125.2 25.2-.6 43-17.9 75.8-17.9 31.8 0 48.3 17.9 76.4 17.9 48.6-.7 90.4-82.5 102.6-119.3-65.2-30.7-61.7-90-61.7-91.9zm-56.6-164.2c27.3-32.4 24.8-61.9 24-72.5-24.1 1.4-52 16.4-67.9 34.9-17.5 19.8-27.8 44.3-25.6 71.9 26.1 2 49.9-11.4 69.5-34.3z\"><\/path><\/svg>\t\t\t<\/span>\n\t\t\t\t\t\t\t\t\t<span class=\"elementor-button-text\">Itunes<\/span>\n\t\t\t\t\t<\/span>\n\t\t\t\t\t<\/a>\n\t\t\t\t<\/div>\n\t\t\t\t\t\t<\/div>\n\t\t\t\t<\/div>\n\t\t\t\t\t<\/div>\n\t\t<\/div>\n\t\t\t\t<div class=\"elementor-column elementor-col-33 elementor-inner-column elementor-element elementor-element-49eb3c0\" data-id=\"49eb3c0\" data-element_type=\"column\">\n\t\t\t<div class=\"elementor-widget-wrap elementor-element-populated\">\n\t\t\t\t\t\t<div class=\"elementor-element elementor-element-69302f2 animated-fast elementor-invisible elementor-widget elementor-widget-button\" data-id=\"69302f2\" data-element_type=\"widget\" data-settings=\"{&quot;_animation&quot;:&quot;fadeInLeft&quot;,&quot;_animation_delay&quot;:450}\" data-widget_type=\"button.default\">\n\t\t\t\t<div class=\"elementor-widget-container\">\n\t\t\t\t\t\t\t<div class=\"elementor-button-wrapper\">\n\t\t\t\t\t<a class=\"elementor-button elementor-button-link elementor-size-sm\" href=\"https:\/\/open.spotify.com\/album\/2P8Z3djsxNZXVC49MlThsE?si=1OLwM_uJQoOZS9LB0Nc8NQ\">\n\t\t\t\t\t\t<span class=\"elementor-button-content-wrapper\">\n\t\t\t\t\t\t<span class=\"elementor-button-icon\">\n\t\t\t\t<svg aria-hidden=\"true\" class=\"e-font-icon-svg e-fab-spotify\" viewBox=\"0 0 496 512\" xmlns=\"http:\/\/www.w3.org\/2000\/svg\"><path d=\"M248 8C111.1 8 0 119.1 0 256s111.1 248 248 248 248-111.1 248-248S384.9 8 248 8zm100.7 364.9c-4.2 0-6.8-1.3-10.7-3.6-62.4-37.6-135-39.2-206.7-24.5-3.9 1-9 2.6-11.9 2.6-9.7 0-15.8-7.7-15.8-15.8 0-10.3 6.1-15.2 13.6-16.8 81.9-18.1 165.6-16.5 237 26.2 6.1 3.9 9.7 7.4 9.7 16.5s-7.1 15.4-15.2 15.4zm26.9-65.6c-5.2 0-8.7-2.3-12.3-4.2-62.5-37-155.7-51.9-238.6-29.4-4.8 1.3-7.4 2.6-11.9 2.6-10.7 0-19.4-8.7-19.4-19.4s5.2-17.8 15.5-20.7c27.8-7.8 56.2-13.6 97.8-13.6 64.9 0 127.6 16.1 177 45.5 8.1 4.8 11.3 11 11.3 19.7-.1 10.8-8.5 19.5-19.4 19.5zm31-76.2c-5.2 0-8.4-1.3-12.9-3.9-71.2-42.5-198.5-52.7-280.9-29.7-3.6 1-8.1 2.6-12.9 2.6-13.2 0-23.3-10.3-23.3-23.6 0-13.6 8.4-21.3 17.4-23.9 35.2-10.3 74.6-15.2 117.5-15.2 73 0 149.5 15.2 205.4 47.8 7.8 4.5 12.9 10.7 12.9 22.6 0 13.6-11 23.3-23.2 23.3z\"><\/path><\/svg>\t\t\t<\/span>\n\t\t\t\t\t\t\t\t\t<span class=\"elementor-button-text\">Spotify<\/span>\n\t\t\t\t\t<\/span>\n\t\t\t\t\t<\/a>\n\t\t\t\t<\/div>\n\t\t\t\t\t\t<\/div>\n\t\t\t\t<\/div>\n\t\t\t\t\t<\/div>\n\t\t<\/div>\n\t\t\t\t<div class=\"elementor-column elementor-col-33 elementor-inner-column elementor-element elementor-element-5a8f4ab\" data-id=\"5a8f4ab\" data-element_type=\"column\">\n\t\t\t<div class=\"elementor-widget-wrap\">\n\t\t\t\t\t\t\t<\/div>\n\t\t<\/div>\n\t\t\t\t\t<\/div>\n\t\t<\/section>\n\t\t\t\t\t<\/div>\n\t\t<\/div>\n\t\t\t\t\t<\/div>\n\t\t<\/section>\n\t\t\t\t<section class=\"elementor-section elementor-top-section elementor-element elementor-element-7762ab7 headline elementor-hidden-desktop elementor-hidden-tablet elementor-hidden-mobile elementor-section-boxed elementor-section-height-default elementor-section-height-default\" data-id=\"7762ab7\" data-element_type=\"section\">\n\t\t\t\t\t\t<div class=\"elementor-container elementor-column-gap-default\">\n\t\t\t\t\t<div class=\"elementor-column elementor-col-100 elementor-top-column elementor-element elementor-element-39db23a\" data-id=\"39db23a\" data-element_type=\"column\">\n\t\t\t<div class=\"elementor-widget-wrap elementor-element-populated\">\n\t\t\t\t\t\t<div class=\"elementor-element elementor-element-937f269 animated-fast elementor-invisible elementor-widget elementor-widget-heading\" data-id=\"937f269\" data-element_type=\"widget\" data-settings=\"{&quot;_animation&quot;:&quot;fadeInUp&quot;}\" data-widget_type=\"heading.default\">\n\t\t\t\t<div class=\"elementor-widget-container\">\n\t\t\t<span class=\"elementor-heading-title elementor-size-default\">Other<\/span>\t\t<\/div>\n\t\t\t\t<\/div>\n\t\t\t\t<div class=\"elementor-element elementor-element-d505835 animated-fast elementor-invisible elementor-widget elementor-widget-heading\" data-id=\"d505835\" data-element_type=\"widget\" data-settings=\"{&quot;_animation&quot;:&quot;fadeInUp&quot;,&quot;_animation_delay&quot;:200}\" data-widget_type=\"heading.default\">\n\t\t\t\t<div class=\"elementor-widget-container\">\n\t\t\t<h1 class=\"elementor-heading-title elementor-size-default\">Albums<\/h1>\t\t<\/div>\n\t\t\t\t<\/div>\n\t\t\t\t\t<\/div>\n\t\t<\/div>\n\t\t\t\t\t<\/div>\n\t\t<\/section>\n\t\t\t\t<section class=\"elementor-section elementor-top-section elementor-element elementor-element-2df9873 elementor-hidden-desktop elementor-hidden-tablet elementor-hidden-mobile elementor-section-boxed elementor-section-height-default elementor-section-height-default\" data-id=\"2df9873\" data-element_type=\"section\">\n\t\t\t\t\t\t<div class=\"elementor-container elementor-column-gap-default\">\n\t\t\t\t\t<div class=\"elementor-column elementor-col-100 elementor-top-column elementor-element elementor-element-385ac11\" data-id=\"385ac11\" data-element_type=\"column\">\n\t\t\t<div class=\"elementor-widget-wrap elementor-element-populated\">\n\t\t\t\t\t\t<div class=\"elementor-element elementor-element-2ed87a5 animated-fast elementor-invisible elementor-widget elementor-widget-musico-portfolio-classic\" data-id=\"2ed87a5\" data-element_type=\"widget\" data-settings=\"{&quot;_animation&quot;:&quot;fadeIn&quot;,&quot;_animation_delay&quot;:250}\" data-widget_type=\"musico-portfolio-classic.default\">\n\t\t\t\t<div class=\"elementor-widget-container\">\n\t\t\t<div class=\"portfolio_classic_container discography_classic\">\n<div class=\"portfolio_classic_content_wrapper portfolio_classic layout_tg_three_cols \" data-cols=\"3\">\n\t\t<div class=\"portfolio_classic_grid_wrapper tg_three_cols   portfolio-1 tile scale-anm new-release all no_filter\">\n\t\t\t<article class=\"music-container\" onclick=\"void(0)\">\n\t\t\t\t\t\t\t\t\t<audio id=\"audio_5f51b38\" controls>\n\t\t\t\t  \t\t<source src=\"https:\/\/muhammedyildirir.com\/tr\/wp-content\/uploads\/2018\/10\/music_preview.mp3\" type=\"audio\/mpeg\">\n\t\t\t\t  \t\tYour browser does not support the audio element.\t\t\t\t\t<\/audio>\n\t\t\t\t\t\n\t\t\t\t\t<div id=\"audio_5f51b38_playing\" class=\"music-playing\">\n\t\t\t\t\t\t<div class=\"bar bar1\" style=\"height: 15%;\"><\/div>\n\t\t\t\t\t\t<div class=\"bar bar2\" style=\"height: 75%;\"><\/div>\n\t\t\t\t\t\t<div class=\"bar bar3\" style=\"height: 25%;\"><\/div>\n\t\t\t\t\t\t<div class=\"bar bar4\" style=\"height: 90%;\"><\/div>\n\t\t\t\t\t<\/div>\n\t\t\t\t\t\t\t\t<div class=\"controls\">\n\t\t\t\t\t\t\t\t\t\t\t<input type=\"radio\" name=\"controls\" id=\"btn-play\">\n\t\t\t\t\t\t<label for=\"btn-play\" class=\"lbl-btn-play\" data-audio=\"audio_5f51b38\"><span><i class=\"fas fa-play\"><\/i><\/span><\/label>\n\t\t\t\n\t\t\t\t\t\t<input type=\"radio\" name=\"controls\" id=\"btn-pause\">\n\t\t\t\t\t\t<label for=\"btn-pause\" class=\"lbl-btn-pause\" data-audio=\"audio_5f51b38\"><span><i class=\"fas fa-pause\"><\/i><\/span><\/label>\n\t\t\t\t\t\t\t\t\t\t\t\t\t\t\t<label class=\"lbl-btn-reset\" data-audio=\"audio_5f51b38\" data-link=\"https:\/\/muhammedyildirir.com\/tr\/discography-coverflow\/\" data-external=\"\"><span>\n\t\t\t\t\t\t<i class=\"fas fa-external-link-alt\"><\/i>\n\t\t\t\t\t<\/span><\/label>\n\t\t\t\t\t\t\t\t\t<\/div>\n\t\t\n\t\t\t\t<div class=\"cover\">\n\t\t\t\t\t<div class=\"static-card\">\n\t\t\t\t\t\t<img decoding=\"async\" src=\"https:\/\/muhammedyildirir.com\/tr\/wp-content\/uploads\/2018\/10\/efe-kurnaz-315384-unsplash-700x700.jpg\" alt=\"\" \/>\n\t\t\t\t\t<\/div>\n\t\t\t\t\t<div class=\"flip-card\">\n\t\t\t\t\t\t<img decoding=\"async\" src=\"https:\/\/muhammedyildirir.com\/tr\/wp-content\/uploads\/2018\/10\/efe-kurnaz-315384-unsplash-700x700.jpg\" alt=\"\" \/>\n\t\t\t\t\t<\/div>\n\t\t\t\t<\/div>\n\t\t\t<\/article>\n\t\t\t\n\t\t\t<div class=\"portfolio_classic_content\">\n\t\t\t\t<h3 class=\"portfolio_classic_title\"><a href=\"https:\/\/muhammedyildirir.com\/tr\/discography-coverflow\/\"  >Upbeating<\/a><\/h3>\n\t\t\t\t<div class=\"portfolio_classic_subtitle\">2018<\/div>\n\t\t\t<\/div>\n\t\t<\/div>\n\t\t<div class=\"portfolio_classic_grid_wrapper tg_three_cols   portfolio-2 tile scale-anm new-release all no_filter\">\n\t\t\t<article class=\"music-container\" onclick=\"void(0)\">\n\t\t\t\t\t\t\t\t\t<audio id=\"audio_37f4f9e\" controls>\n\t\t\t\t  \t\t<source src=\"https:\/\/muhammedyildirir.com\/tr\/wp-content\/uploads\/2018\/10\/music_preview.mp3\" type=\"audio\/mpeg\">\n\t\t\t\t  \t\tYour browser does not support the audio element.\t\t\t\t\t<\/audio>\n\t\t\t\t\t\n\t\t\t\t\t<div id=\"audio_37f4f9e_playing\" class=\"music-playing\">\n\t\t\t\t\t\t<div class=\"bar bar1\" style=\"height: 15%;\"><\/div>\n\t\t\t\t\t\t<div class=\"bar bar2\" style=\"height: 75%;\"><\/div>\n\t\t\t\t\t\t<div class=\"bar bar3\" style=\"height: 25%;\"><\/div>\n\t\t\t\t\t\t<div class=\"bar bar4\" style=\"height: 90%;\"><\/div>\n\t\t\t\t\t<\/div>\n\t\t\t\t\t\t\t\t<div class=\"controls\">\n\t\t\t\t\t\t\t\t\t\t\t<input type=\"radio\" name=\"controls\" id=\"btn-play\">\n\t\t\t\t\t\t<label for=\"btn-play\" class=\"lbl-btn-play\" data-audio=\"audio_37f4f9e\"><span><i class=\"fas fa-play\"><\/i><\/span><\/label>\n\t\t\t\n\t\t\t\t\t\t<input type=\"radio\" name=\"controls\" id=\"btn-pause\">\n\t\t\t\t\t\t<label for=\"btn-pause\" class=\"lbl-btn-pause\" data-audio=\"audio_37f4f9e\"><span><i class=\"fas fa-pause\"><\/i><\/span><\/label>\n\t\t\t\t\t\t\t\t\t\t\t\t\t\t\t<label class=\"lbl-btn-reset\" data-audio=\"audio_37f4f9e\" data-link=\"https:\/\/muhammedyildirir.com\/tr\/discography-coverflow\/\" data-external=\"\"><span>\n\t\t\t\t\t\t<i class=\"fas fa-external-link-alt\"><\/i>\n\t\t\t\t\t<\/span><\/label>\n\t\t\t\t\t\t\t\t\t<\/div>\n\t\t\n\t\t\t\t<div class=\"cover\">\n\t\t\t\t\t<div class=\"static-card\">\n\t\t\t\t\t\t<img decoding=\"async\" src=\"https:\/\/muhammedyildirir.com\/tr\/wp-content\/uploads\/2018\/10\/alex-iby-343837-unsplash-700x700.jpg\" alt=\"\" \/>\n\t\t\t\t\t<\/div>\n\t\t\t\t\t<div class=\"flip-card\">\n\t\t\t\t\t\t<img decoding=\"async\" src=\"https:\/\/muhammedyildirir.com\/tr\/wp-content\/uploads\/2018\/10\/alex-iby-343837-unsplash-700x700.jpg\" alt=\"\" \/>\n\t\t\t\t\t<\/div>\n\t\t\t\t<\/div>\n\t\t\t<\/article>\n\t\t\t\n\t\t\t<div class=\"portfolio_classic_content\">\n\t\t\t\t<h3 class=\"portfolio_classic_title\"><a href=\"https:\/\/muhammedyildirir.com\/tr\/discography-coverflow\/\"  >Pop Summer<\/a><\/h3>\n\t\t\t\t<div class=\"portfolio_classic_subtitle\">2017<\/div>\n\t\t\t<\/div>\n\t\t<\/div>\n\t\t<div class=\"portfolio_classic_grid_wrapper tg_three_cols last  portfolio-3 tile scale-anm new-release all no_filter\">\n\t\t\t<article class=\"music-container\" onclick=\"void(0)\">\n\t\t\t\t\t\t\t\t\t<audio id=\"audio_2373e8a\" controls>\n\t\t\t\t  \t\t<source src=\"https:\/\/muhammedyildirir.com\/tr\/wp-content\/uploads\/2018\/10\/music_preview.mp3\" type=\"audio\/mpeg\">\n\t\t\t\t  \t\tYour browser does not support the audio element.\t\t\t\t\t<\/audio>\n\t\t\t\t\t\n\t\t\t\t\t<div id=\"audio_2373e8a_playing\" class=\"music-playing\">\n\t\t\t\t\t\t<div class=\"bar bar1\" style=\"height: 15%;\"><\/div>\n\t\t\t\t\t\t<div class=\"bar bar2\" style=\"height: 75%;\"><\/div>\n\t\t\t\t\t\t<div class=\"bar bar3\" style=\"height: 25%;\"><\/div>\n\t\t\t\t\t\t<div class=\"bar bar4\" style=\"height: 90%;\"><\/div>\n\t\t\t\t\t<\/div>\n\t\t\t\t\t\t\t\t<div class=\"controls\">\n\t\t\t\t\t\t\t\t\t\t\t<input type=\"radio\" name=\"controls\" id=\"btn-play\">\n\t\t\t\t\t\t<label for=\"btn-play\" class=\"lbl-btn-play\" data-audio=\"audio_2373e8a\"><span><i class=\"fas fa-play\"><\/i><\/span><\/label>\n\t\t\t\n\t\t\t\t\t\t<input type=\"radio\" name=\"controls\" id=\"btn-pause\">\n\t\t\t\t\t\t<label for=\"btn-pause\" class=\"lbl-btn-pause\" data-audio=\"audio_2373e8a\"><span><i class=\"fas fa-pause\"><\/i><\/span><\/label>\n\t\t\t\t\t\t\t\t\t\t\t\t\t\t\t<label class=\"lbl-btn-reset\" data-audio=\"audio_2373e8a\" data-link=\"https:\/\/muhammedyildirir.com\/tr\/discography-coverflow\/\" data-external=\"\"><span>\n\t\t\t\t\t\t<i class=\"fas fa-external-link-alt\"><\/i>\n\t\t\t\t\t<\/span><\/label>\n\t\t\t\t\t\t\t\t\t<\/div>\n\t\t\n\t\t\t\t<div class=\"cover\">\n\t\t\t\t\t<div class=\"static-card\">\n\t\t\t\t\t\t<img decoding=\"async\" src=\"https:\/\/muhammedyildirir.com\/tr\/wp-content\/uploads\/2018\/10\/biruk-masresha-360398-unsplash-700x700.jpg\" alt=\"\" \/>\n\t\t\t\t\t<\/div>\n\t\t\t\t\t<div class=\"flip-card\">\n\t\t\t\t\t\t<img decoding=\"async\" src=\"https:\/\/muhammedyildirir.com\/tr\/wp-content\/uploads\/2018\/10\/biruk-masresha-360398-unsplash-700x700.jpg\" alt=\"\" \/>\n\t\t\t\t\t<\/div>\n\t\t\t\t<\/div>\n\t\t\t<\/article>\n\t\t\t\n\t\t\t<div class=\"portfolio_classic_content\">\n\t\t\t\t<h3 class=\"portfolio_classic_title\"><a href=\"https:\/\/muhammedyildirir.com\/tr\/discography-coverflow\/\"  >Emotional Piano<\/a><\/h3>\n\t\t\t\t<div class=\"portfolio_classic_subtitle\">2016<\/div>\n\t\t\t<\/div>\n\t\t<\/div>\n<br class=\"clear\"\/>\n<\/div>\n<\/div>\t\t<\/div>\n\t\t\t\t<\/div>\n\t\t\t\t\t<\/div>\n\t\t<\/div>\n\t\t\t\t\t<\/div>\n\t\t<\/section>\n\t\t\t\t<\/div>\n\t\t","protected":false},"excerpt":{"rendered":"<p>0:00 -:&#8211; The Carnival &#8220;The Carnival&#8221; ile caz, \u00e7ingene, alaturka ve klasik melodileri bir araya getirerek m\u00fczi\u011fin s\u0131n\u0131rlar\u0131n\u0131 zorlamay\u0131 ama\u00e7lad\u0131m. Piyano, keman, \u00e7ingene gitar\u0131, kontrbas ve ney gibi zengin enstr\u00fcmanlarla haz\u0131rlanm\u0131\u015f bu alb\u00fcm, siz dinleyicilerimi k\u00fclt\u00fcrel bir mozaikte keyifli bir [&hellip;]<\/p>\n","protected":false},"author":1,"featured_media":0,"parent":0,"menu_order":0,"comment_status":"closed","ping_status":"closed","template":"","meta":{"_monsterinsights_skip_tracking":false,"_monsterinsights_sitenote_active":false,"_monsterinsights_sitenote_note":"","_monsterinsights_sitenote_category":0,"footnotes":""},"class_list":["post-683","page","type-page","status-publish","hentry"],"yoast_head":"<!-- This site is optimized with the Yoast SEO Premium plugin v21.1 (Yoast SEO v21.1) - https:\/\/yoast.com\/wordpress\/plugins\/seo\/ -->\n<title>Single Album - muhammed yildirir<\/title>\n<meta name=\"robots\" content=\"index, follow, max-snippet:-1, max-image-preview:large, max-video-preview:-1\" \/>\n<link rel=\"canonical\" href=\"https:\/\/muhammedyildirir.com\/tr\/single-album\/\" \/>\n<meta property=\"og:locale\" content=\"en_US\" \/>\n<meta property=\"og:type\" content=\"article\" \/>\n<meta property=\"og:title\" content=\"Single Album\" \/>\n<meta property=\"og:description\" content=\"0:00 -:&#8211; The Carnival &#8220;The Carnival&#8221; ile caz, \u00e7ingene, alaturka ve klasik melodileri bir araya getirerek m\u00fczi\u011fin s\u0131n\u0131rlar\u0131n\u0131 zorlamay\u0131 ama\u00e7lad\u0131m. Piyano, keman, \u00e7ingene gitar\u0131, kontrbas ve ney gibi zengin enstr\u00fcmanlarla haz\u0131rlanm\u0131\u015f bu alb\u00fcm, siz dinleyicilerimi k\u00fclt\u00fcrel bir mozaikte keyifli bir [&hellip;]\" \/>\n<meta property=\"og:url\" content=\"https:\/\/muhammedyildirir.com\/tr\/single-album\/\" \/>\n<meta property=\"og:site_name\" content=\"muhammed yildirir\" \/>\n<meta property=\"article:modified_time\" content=\"2025-09-16T18:57:55+00:00\" \/>\n<meta property=\"og:image\" content=\"https:\/\/muhammedyildirir.com\/tr\/wp-content\/themes\/musico\/images\/default-image.jpg\" \/>\n<meta name=\"twitter:card\" content=\"summary_large_image\" \/>\n<meta name=\"twitter:label1\" content=\"Est. reading time\" \/>\n\t<meta name=\"twitter:data1\" content=\"2 minutes\" \/>\n<script type=\"application\/ld+json\" class=\"yoast-schema-graph\">{\"@context\":\"https:\/\/schema.org\",\"@graph\":[{\"@type\":\"WebPage\",\"@id\":\"https:\/\/muhammedyildirir.com\/tr\/single-album\/\",\"url\":\"https:\/\/muhammedyildirir.com\/tr\/single-album\/\",\"name\":\"Single Album - muhammed yildirir\",\"isPartOf\":{\"@id\":\"https:\/\/muhammedyildirir.com\/tr\/#website\"},\"datePublished\":\"2018-10-16T04:13:03+00:00\",\"dateModified\":\"2025-09-16T18:57:55+00:00\",\"breadcrumb\":{\"@id\":\"https:\/\/muhammedyildirir.com\/tr\/single-album\/#breadcrumb\"},\"inLanguage\":\"en-US\",\"potentialAction\":[{\"@type\":\"ReadAction\",\"target\":[\"https:\/\/muhammedyildirir.com\/tr\/single-album\/\"]}]},{\"@type\":\"BreadcrumbList\",\"@id\":\"https:\/\/muhammedyildirir.com\/tr\/single-album\/#breadcrumb\",\"itemListElement\":[{\"@type\":\"ListItem\",\"position\":1,\"name\":\"Home\",\"item\":\"https:\/\/muhammedyildirir.com\/tr\/\"},{\"@type\":\"ListItem\",\"position\":2,\"name\":\"Single Album\"}]},{\"@type\":\"WebSite\",\"@id\":\"https:\/\/muhammedyildirir.com\/tr\/#website\",\"url\":\"https:\/\/muhammedyildirir.com\/tr\/\",\"name\":\"muhammed yildirir\",\"description\":\"\",\"potentialAction\":[{\"@type\":\"SearchAction\",\"target\":{\"@type\":\"EntryPoint\",\"urlTemplate\":\"https:\/\/muhammedyildirir.com\/tr\/?s={search_term_string}\"},\"query-input\":\"required name=search_term_string\"}],\"inLanguage\":\"en-US\"}]}<\/script>\n<!-- \/ Yoast SEO Premium plugin. -->","yoast_head_json":{"title":"Single Album - muhammed yildirir","robots":{"index":"index","follow":"follow","max-snippet":"max-snippet:-1","max-image-preview":"max-image-preview:large","max-video-preview":"max-video-preview:-1"},"canonical":"https:\/\/muhammedyildirir.com\/tr\/single-album\/","og_locale":"en_US","og_type":"article","og_title":"Single Album","og_description":"0:00 -:&#8211; The Carnival &#8220;The Carnival&#8221; ile caz, \u00e7ingene, alaturka ve klasik melodileri bir araya getirerek m\u00fczi\u011fin s\u0131n\u0131rlar\u0131n\u0131 zorlamay\u0131 ama\u00e7lad\u0131m. Piyano, keman, \u00e7ingene gitar\u0131, kontrbas ve ney gibi zengin enstr\u00fcmanlarla haz\u0131rlanm\u0131\u015f bu alb\u00fcm, siz dinleyicilerimi k\u00fclt\u00fcrel bir mozaikte keyifli bir [&hellip;]","og_url":"https:\/\/muhammedyildirir.com\/tr\/single-album\/","og_site_name":"muhammed yildirir","article_modified_time":"2025-09-16T18:57:55+00:00","og_image":[{"url":"https:\/\/muhammedyildirir.com\/tr\/wp-content\/themes\/musico\/images\/default-image.jpg"}],"twitter_card":"summary_large_image","twitter_misc":{"Est. reading time":"2 minutes"},"schema":{"@context":"https:\/\/schema.org","@graph":[{"@type":"WebPage","@id":"https:\/\/muhammedyildirir.com\/tr\/single-album\/","url":"https:\/\/muhammedyildirir.com\/tr\/single-album\/","name":"Single Album - muhammed yildirir","isPartOf":{"@id":"https:\/\/muhammedyildirir.com\/tr\/#website"},"datePublished":"2018-10-16T04:13:03+00:00","dateModified":"2025-09-16T18:57:55+00:00","breadcrumb":{"@id":"https:\/\/muhammedyildirir.com\/tr\/single-album\/#breadcrumb"},"inLanguage":"en-US","potentialAction":[{"@type":"ReadAction","target":["https:\/\/muhammedyildirir.com\/tr\/single-album\/"]}]},{"@type":"BreadcrumbList","@id":"https:\/\/muhammedyildirir.com\/tr\/single-album\/#breadcrumb","itemListElement":[{"@type":"ListItem","position":1,"name":"Home","item":"https:\/\/muhammedyildirir.com\/tr\/"},{"@type":"ListItem","position":2,"name":"Single Album"}]},{"@type":"WebSite","@id":"https:\/\/muhammedyildirir.com\/tr\/#website","url":"https:\/\/muhammedyildirir.com\/tr\/","name":"muhammed yildirir","description":"","potentialAction":[{"@type":"SearchAction","target":{"@type":"EntryPoint","urlTemplate":"https:\/\/muhammedyildirir.com\/tr\/?s={search_term_string}"},"query-input":"required name=search_term_string"}],"inLanguage":"en-US"}]}},"_links":{"self":[{"href":"https:\/\/muhammedyildirir.com\/tr\/wp-json\/wp\/v2\/pages\/683","targetHints":{"allow":["GET"]}}],"collection":[{"href":"https:\/\/muhammedyildirir.com\/tr\/wp-json\/wp\/v2\/pages"}],"about":[{"href":"https:\/\/muhammedyildirir.com\/tr\/wp-json\/wp\/v2\/types\/page"}],"author":[{"embeddable":true,"href":"https:\/\/muhammedyildirir.com\/tr\/wp-json\/wp\/v2\/users\/1"}],"replies":[{"embeddable":true,"href":"https:\/\/muhammedyildirir.com\/tr\/wp-json\/wp\/v2\/comments?post=683"}],"version-history":[{"count":40,"href":"https:\/\/muhammedyildirir.com\/tr\/wp-json\/wp\/v2\/pages\/683\/revisions"}],"predecessor-version":[{"id":2945,"href":"https:\/\/muhammedyildirir.com\/tr\/wp-json\/wp\/v2\/pages\/683\/revisions\/2945"}],"wp:attachment":[{"href":"https:\/\/muhammedyildirir.com\/tr\/wp-json\/wp\/v2\/media?parent=683"}],"curies":[{"name":"wp","href":"https:\/\/api.w.org\/{rel}","templated":true}]}}