{"id":2595,"date":"2025-03-22T12:26:20","date_gmt":"2025-03-22T12:26:20","guid":{"rendered":"https:\/\/muhammedyildirir.com\/tr\/?page_id=2595"},"modified":"2025-10-01T16:49:18","modified_gmt":"2025-10-01T16:49:18","slug":"projeler","status":"publish","type":"page","link":"https:\/\/muhammedyildirir.com\/tr\/projeler\/","title":{"rendered":"\u015eAHS\u0130 G\u0130R\u0130\u015e\u0130MC\u0130L\u0130K PROJELER\u0130"},"content":{"rendered":"\t\t<div data-elementor-type=\"wp-page\" data-elementor-id=\"2595\" class=\"elementor elementor-2595\">\n\t\t\t\t<div class=\"elementor-element elementor-element-6048d36 e-flex e-con-boxed e-con e-parent\" data-id=\"6048d36\" data-element_type=\"container\">\n\t\t\t\t\t<div class=\"e-con-inner\">\n\t\t\t\t<div class=\"elementor-element elementor-element-88579df elementor-widget elementor-widget-text-editor\" data-id=\"88579df\" data-element_type=\"widget\" data-widget_type=\"text-editor.default\">\n\t\t\t\t<div class=\"elementor-widget-container\">\n\t\t\t\t\t\t\t<h4>K\u00fclt\u00fcrler Aras\u0131 Sanat Diyaloglar\u0131 (2012\u2013 \u2026 | Kurucu)<\/h4><p>Farkl\u0131 \u00fclkeler ve \u015fehirler aras\u0131nda k\u00fclt\u00fcrel ba\u011flar kurmay\u0131 ama\u00e7layan bir proje. T\u00fcrk ve yabanc\u0131 sanat\u00e7\u0131lar\u0131n kar\u015f\u0131l\u0131kl\u0131 davetlerle konserler ve etkinliklerde bir araya geldi\u011fi bu program, ortak yap\u0131mlar yoluyla kal\u0131c\u0131 k\u00fclt\u00fcrel a\u011flar olu\u015fturuyor.<\/p><h4>Y\u0131ld\u0131r\u0131r Keman At\u00f6lyesi (2014\u2013 \u2026 | Kurucu &amp; E\u011fitmen)<\/h4><p>11 y\u0131ld\u0131r aktif olan at\u00f6lye, bire bir ustal\u0131k dersleri ve konservatuvar haz\u0131rl\u0131k e\u011fitimi veriyor. E\u011fitimler do\u011frudan Muhammed Y\u0131ld\u0131r\u0131r taraf\u0131ndan y\u00fcr\u00fct\u00fcl\u00fcyor; teknik, m\u00fczikalite ve sahne deneyimi b\u00fct\u00fcnc\u00fcl bir yakla\u015f\u0131mla \u00f6\u011frencilere aktar\u0131l\u0131yor.<\/p><h4>Ba\u015fak\u015fehir M\u00fczik Akademisi (2007\u2013 \u2026 | Genel Sanat Y\u00f6netmeni)<\/h4><p>Ba\u015fak\u015fehir Belediyesi b\u00fcnyesinde kurulan akademi, 3.000\u2019den fazla \u00f6\u011frenciye \u00fccretsiz e\u011fitim imk\u00e2n\u0131 sunuyor. Gen\u00e7lik orkestras\u0131 ve korosuyla hem yurti\u00e7i hem yurtd\u0131\u015f\u0131 konserler d\u00fczenleyen akademi, sanatsal planlama ve repertuvar se\u00e7iminde Y\u0131ld\u0131r\u0131r\u2019\u0131n genel sanat y\u00f6netmenli\u011finde ilerliyor.<\/p><h4>Gen\u00e7lik Orkestralar\u0131 \u2013 Ba\u015fak\u015fehir &amp; Beyo\u011flu (2007\u2013 \u2026 | Kurucu &amp; \u015eef)<\/h4><p>Gen\u00e7 m\u00fczisyenlere sahne deneyimi, prova disiplini ve repertuvar geli\u015ftirme f\u0131rsat\u0131 sunan iki model topluluk. Hem e\u011fitim hem de performans boyutuyla \u00f6rnek te\u015fkil eden s\u00fcrd\u00fcr\u00fclebilir bir orkestra yap\u0131s\u0131 olu\u015fturuldu.<\/p><h4>\u00dclkeler Aras\u0131 Karde\u015flik Projesi (2019\u20132022 | Kurucu Ortak: Dr. L. Subramaniam &amp; Roby Lakatos ile)<\/h4><p>T\u00fcrkiye ve Avrupa\u2019da ger\u00e7ekle\u015ftirilen konser serisi. Ama\u00e7, farkl\u0131 m\u00fczik k\u00fclt\u00fcrleri aras\u0131nda e\u015fit diyalog kurmak, ortak do\u011fa\u00e7lamalar ve d\u00fczenlemeler yoluyla m\u00fczi\u011fin evrensel bir dil oldu\u011funu g\u00f6stermekti.<\/p><h4>Muhammed Y\u0131ld\u0131r\u0131r ile Virt\u00fc\u00f6zite \u2013 TRT M\u00fczik (2021\u2013 \u2026 | Yap\u0131mc\u0131 &amp; Moderat\u00f6r)<\/h4><p>TRT M\u00fczik ekranlar\u0131nda yay\u0131nlanan program, klasik, caz, T\u00fcrk ve \u00e7igan m\u00fczi\u011finde virt\u00fc\u00f6z sanat\u00e7\u0131lar\u0131 konuk ediyor. 2025 itibar\u0131yla 4. sezonuna ula\u015fan yap\u0131m\u0131n t\u00fcm i\u00e7erik tasar\u0131m\u0131 ve sunuculu\u011fu Muhammed Y\u0131ld\u0131r\u0131r taraf\u0131ndan \u00fcstleniliyor.<\/p><h4>Hatay Sanatla Aya\u011fa Kalk\u0131yor (2024\u2013 \u2026 | Genel Sanat Y\u00f6netmeni &amp; E\u011fitim Koordinat\u00f6r\u00fc)<\/h4><p>Deprem sonras\u0131 Hatay\u2019da ba\u015flat\u0131lan kapsaml\u0131 bir k\u00fclt\u00fcrel iyile\u015fme projesi. Senfoni orkestras\u0131, koro, tiyatro, dans topluluklar\u0131 ve e\u011fitim faaliyetleriyle \u015fehrin sanat ekosistemine yeniden hayat veriliyor.<\/p><h4>Hatay Filarmoni Orkestras\u0131 &amp; Hatay Filarmoni K\u00fclt\u00fcr Sanat Derne\u011fi (2024\u2013 \u2026 | Kurucu \u015eef &amp; Kurucu Ba\u015fkan)<\/h4><p>Hatay\u2019da kurulan bu yap\u0131, hem gen\u00e7lere istihdam ve e\u011fitim f\u0131rsatlar\u0131 sunuyor hem de Bat\u0131 m\u00fczi\u011fiyle T\u00fcrk m\u00fczi\u011fini ayn\u0131 sahnede bulu\u015fturan \u00e7ok sesli konserlere imza at\u0131yor.<\/p><h4>The Carnival \u2013 Alb\u00fcm &amp; Sahne Projesi (2025 | Yap\u0131mc\u0131 &amp; Solist)<\/h4><p>\u00c7igan, klasik, T\u00fcrk, tango ve klezmer tarzlar\u0131n\u0131 harmanlayan bu alb\u00fcm ve turne konsepti, Y\u0131ld\u0131r\u0131r\u2019\u0131n \u00e7ok k\u00fclt\u00fcrl\u00fc m\u00fczik vizyonunu ve virt\u00fc\u00f6zitesini uluslararas\u0131 izleyiciye ula\u015ft\u0131r\u0131yor.<\/p><h4>Hatay T\u00fcrkiye\u2019nin Gen\u00e7 Virt\u00fc\u00f6zlerini Ar\u0131yor (2026\u2013 \u2026 | Kurucu &amp; Sanat Direkt\u00f6r\u00fc)<\/h4><p>Uluslararas\u0131 j\u00fcri se\u00e7imiyle gen\u00e7 yetenekler belirleniyor. Se\u00e7ilen m\u00fczisyenler, 15 g\u00fcnl\u00fck kamp ve masterclass s\u00fcrecinden ge\u00e7erek festival ve final konserinde sahneye \u00e7\u0131k\u0131yor. Proje, Hatay\u2019\u0131 gen\u00e7 virt\u00fc\u00f6zler i\u00e7in bir ustal\u0131k merkezi haline getirmeyi ama\u00e7l\u0131yor.<\/p><h4>K\u0131talar Aras\u0131 4 Virt\u00fc\u00f6z (2026 | Solist &amp; K\u00fcrat\u00f6r \u2013 Geli\u015ftirme A\u015famas\u0131)<\/h4><p>Roby Lakatos, Maxim Vengerov, Dr. L. Subramaniam ve Muhammed Y\u0131ld\u0131r\u0131r\u2019\u0131 ayn\u0131 sahnede bulu\u015fturan proje. Her sanat\u00e7\u0131 kendi k\u00f6k esteti\u011fini korurken, finalde ortak bir s\u00fcit ile b\u00fct\u00fcnle\u015fen dramatik bir senfonik ak\u0131\u015f kurgulan\u0131yor.<\/p><h4>Cumhur Orkestras\u0131 (2026 | Kurucu Vizyon \u2013 Geli\u015ftirme A\u015famas\u0131)<\/h4><p>Alaturka ve Bat\u0131 enstr\u00fcmanlar\u0131n\u0131 ayn\u0131 potada eriten, halk\u0131n sesiyle y\u00fcksek sanatsal kaliteyi birle\u015ftiren kapsay\u0131c\u0131 bir orkestral model. T\u00fcrkiye\u2019nin ortak k\u00fclt\u00fcr miras\u0131n\u0131 g\u00fcncel ve eri\u015filebilir bir formatta temsil etmeyi hedefliyor.<\/p>\t\t\t\t\t\t<\/div>\n\t\t\t\t<\/div>\n\t\t\t\t\t<\/div>\n\t\t\t\t<\/div>\n\t\t\t\t<\/div>\n\t\t","protected":false},"excerpt":{"rendered":"<p>K\u00fclt\u00fcrler Aras\u0131 Sanat Diyaloglar\u0131 (2012\u2013 \u2026 | Kurucu) Farkl\u0131 \u00fclkeler ve \u015fehirler aras\u0131nda k\u00fclt\u00fcrel ba\u011flar kurmay\u0131 ama\u00e7layan bir proje. T\u00fcrk ve yabanc\u0131 sanat\u00e7\u0131lar\u0131n kar\u015f\u0131l\u0131kl\u0131 davetlerle konserler ve etkinliklerde bir araya geldi\u011fi bu program, ortak yap\u0131mlar yoluyla kal\u0131c\u0131 k\u00fclt\u00fcrel a\u011flar olu\u015fturuyor. [&hellip;]<\/p>\n","protected":false},"author":1,"featured_media":0,"parent":0,"menu_order":0,"comment_status":"closed","ping_status":"closed","template":"","meta":{"_monsterinsights_skip_tracking":false,"_monsterinsights_sitenote_active":false,"_monsterinsights_sitenote_note":"","_monsterinsights_sitenote_category":0,"footnotes":""},"class_list":["post-2595","page","type-page","status-publish","hentry"],"yoast_head":"<!-- This site is optimized with the Yoast SEO Premium plugin v21.1 (Yoast SEO v21.1) - https:\/\/yoast.com\/wordpress\/plugins\/seo\/ -->\n<title>\u015eAHS\u0130 G\u0130R\u0130\u015e\u0130MC\u0130L\u0130K PROJELER\u0130 - muhammed yildirir<\/title>\n<meta name=\"robots\" content=\"index, follow, max-snippet:-1, max-image-preview:large, max-video-preview:-1\" \/>\n<link rel=\"canonical\" href=\"https:\/\/muhammedyildirir.com\/tr\/projeler\/\" \/>\n<meta property=\"og:locale\" content=\"en_US\" \/>\n<meta property=\"og:type\" content=\"article\" \/>\n<meta property=\"og:title\" content=\"\u015eAHS\u0130 G\u0130R\u0130\u015e\u0130MC\u0130L\u0130K PROJELER\u0130\" \/>\n<meta property=\"og:description\" content=\"K\u00fclt\u00fcrler Aras\u0131 Sanat Diyaloglar\u0131 (2012\u2013 \u2026 | Kurucu) Farkl\u0131 \u00fclkeler ve \u015fehirler aras\u0131nda k\u00fclt\u00fcrel ba\u011flar kurmay\u0131 ama\u00e7layan bir proje. T\u00fcrk ve yabanc\u0131 sanat\u00e7\u0131lar\u0131n kar\u015f\u0131l\u0131kl\u0131 davetlerle konserler ve etkinliklerde bir araya geldi\u011fi bu program, ortak yap\u0131mlar yoluyla kal\u0131c\u0131 k\u00fclt\u00fcrel a\u011flar olu\u015fturuyor. [&hellip;]\" \/>\n<meta property=\"og:url\" content=\"https:\/\/muhammedyildirir.com\/tr\/projeler\/\" \/>\n<meta property=\"og:site_name\" content=\"muhammed yildirir\" \/>\n<meta property=\"article:modified_time\" content=\"2025-10-01T16:49:18+00:00\" \/>\n<meta name=\"twitter:card\" content=\"summary_large_image\" \/>\n<meta name=\"twitter:label1\" content=\"Est. reading time\" \/>\n\t<meta name=\"twitter:data1\" content=\"3 minutes\" \/>\n<script type=\"application\/ld+json\" class=\"yoast-schema-graph\">{\"@context\":\"https:\/\/schema.org\",\"@graph\":[{\"@type\":\"WebPage\",\"@id\":\"https:\/\/muhammedyildirir.com\/tr\/projeler\/\",\"url\":\"https:\/\/muhammedyildirir.com\/tr\/projeler\/\",\"name\":\"\u015eAHS\u0130 G\u0130R\u0130\u015e\u0130MC\u0130L\u0130K PROJELER\u0130 - muhammed yildirir\",\"isPartOf\":{\"@id\":\"https:\/\/muhammedyildirir.com\/tr\/#website\"},\"datePublished\":\"2025-03-22T12:26:20+00:00\",\"dateModified\":\"2025-10-01T16:49:18+00:00\",\"breadcrumb\":{\"@id\":\"https:\/\/muhammedyildirir.com\/tr\/projeler\/#breadcrumb\"},\"inLanguage\":\"en-US\",\"potentialAction\":[{\"@type\":\"ReadAction\",\"target\":[\"https:\/\/muhammedyildirir.com\/tr\/projeler\/\"]}]},{\"@type\":\"BreadcrumbList\",\"@id\":\"https:\/\/muhammedyildirir.com\/tr\/projeler\/#breadcrumb\",\"itemListElement\":[{\"@type\":\"ListItem\",\"position\":1,\"name\":\"Home\",\"item\":\"https:\/\/muhammedyildirir.com\/tr\/\"},{\"@type\":\"ListItem\",\"position\":2,\"name\":\"\u015eAHS\u0130 G\u0130R\u0130\u015e\u0130MC\u0130L\u0130K PROJELER\u0130\"}]},{\"@type\":\"WebSite\",\"@id\":\"https:\/\/muhammedyildirir.com\/tr\/#website\",\"url\":\"https:\/\/muhammedyildirir.com\/tr\/\",\"name\":\"muhammed yildirir\",\"description\":\"\",\"potentialAction\":[{\"@type\":\"SearchAction\",\"target\":{\"@type\":\"EntryPoint\",\"urlTemplate\":\"https:\/\/muhammedyildirir.com\/tr\/?s={search_term_string}\"},\"query-input\":\"required name=search_term_string\"}],\"inLanguage\":\"en-US\"}]}<\/script>\n<!-- \/ Yoast SEO Premium plugin. -->","yoast_head_json":{"title":"\u015eAHS\u0130 G\u0130R\u0130\u015e\u0130MC\u0130L\u0130K PROJELER\u0130 - muhammed yildirir","robots":{"index":"index","follow":"follow","max-snippet":"max-snippet:-1","max-image-preview":"max-image-preview:large","max-video-preview":"max-video-preview:-1"},"canonical":"https:\/\/muhammedyildirir.com\/tr\/projeler\/","og_locale":"en_US","og_type":"article","og_title":"\u015eAHS\u0130 G\u0130R\u0130\u015e\u0130MC\u0130L\u0130K PROJELER\u0130","og_description":"K\u00fclt\u00fcrler Aras\u0131 Sanat Diyaloglar\u0131 (2012\u2013 \u2026 | Kurucu) Farkl\u0131 \u00fclkeler ve \u015fehirler aras\u0131nda k\u00fclt\u00fcrel ba\u011flar kurmay\u0131 ama\u00e7layan bir proje. T\u00fcrk ve yabanc\u0131 sanat\u00e7\u0131lar\u0131n kar\u015f\u0131l\u0131kl\u0131 davetlerle konserler ve etkinliklerde bir araya geldi\u011fi bu program, ortak yap\u0131mlar yoluyla kal\u0131c\u0131 k\u00fclt\u00fcrel a\u011flar olu\u015fturuyor. [&hellip;]","og_url":"https:\/\/muhammedyildirir.com\/tr\/projeler\/","og_site_name":"muhammed yildirir","article_modified_time":"2025-10-01T16:49:18+00:00","twitter_card":"summary_large_image","twitter_misc":{"Est. reading time":"3 minutes"},"schema":{"@context":"https:\/\/schema.org","@graph":[{"@type":"WebPage","@id":"https:\/\/muhammedyildirir.com\/tr\/projeler\/","url":"https:\/\/muhammedyildirir.com\/tr\/projeler\/","name":"\u015eAHS\u0130 G\u0130R\u0130\u015e\u0130MC\u0130L\u0130K PROJELER\u0130 - muhammed yildirir","isPartOf":{"@id":"https:\/\/muhammedyildirir.com\/tr\/#website"},"datePublished":"2025-03-22T12:26:20+00:00","dateModified":"2025-10-01T16:49:18+00:00","breadcrumb":{"@id":"https:\/\/muhammedyildirir.com\/tr\/projeler\/#breadcrumb"},"inLanguage":"en-US","potentialAction":[{"@type":"ReadAction","target":["https:\/\/muhammedyildirir.com\/tr\/projeler\/"]}]},{"@type":"BreadcrumbList","@id":"https:\/\/muhammedyildirir.com\/tr\/projeler\/#breadcrumb","itemListElement":[{"@type":"ListItem","position":1,"name":"Home","item":"https:\/\/muhammedyildirir.com\/tr\/"},{"@type":"ListItem","position":2,"name":"\u015eAHS\u0130 G\u0130R\u0130\u015e\u0130MC\u0130L\u0130K PROJELER\u0130"}]},{"@type":"WebSite","@id":"https:\/\/muhammedyildirir.com\/tr\/#website","url":"https:\/\/muhammedyildirir.com\/tr\/","name":"muhammed yildirir","description":"","potentialAction":[{"@type":"SearchAction","target":{"@type":"EntryPoint","urlTemplate":"https:\/\/muhammedyildirir.com\/tr\/?s={search_term_string}"},"query-input":"required name=search_term_string"}],"inLanguage":"en-US"}]}},"_links":{"self":[{"href":"https:\/\/muhammedyildirir.com\/tr\/wp-json\/wp\/v2\/pages\/2595","targetHints":{"allow":["GET"]}}],"collection":[{"href":"https:\/\/muhammedyildirir.com\/tr\/wp-json\/wp\/v2\/pages"}],"about":[{"href":"https:\/\/muhammedyildirir.com\/tr\/wp-json\/wp\/v2\/types\/page"}],"author":[{"embeddable":true,"href":"https:\/\/muhammedyildirir.com\/tr\/wp-json\/wp\/v2\/users\/1"}],"replies":[{"embeddable":true,"href":"https:\/\/muhammedyildirir.com\/tr\/wp-json\/wp\/v2\/comments?post=2595"}],"version-history":[{"count":18,"href":"https:\/\/muhammedyildirir.com\/tr\/wp-json\/wp\/v2\/pages\/2595\/revisions"}],"predecessor-version":[{"id":3056,"href":"https:\/\/muhammedyildirir.com\/tr\/wp-json\/wp\/v2\/pages\/2595\/revisions\/3056"}],"wp:attachment":[{"href":"https:\/\/muhammedyildirir.com\/tr\/wp-json\/wp\/v2\/media?parent=2595"}],"curies":[{"name":"wp","href":"https:\/\/api.w.org\/{rel}","templated":true}]}}