{"id":2526,"date":"2025-03-14T20:00:08","date_gmt":"2025-03-14T20:00:08","guid":{"rendered":"https:\/\/muhammedyildirir.com\/tr\/?page_id=2526"},"modified":"2025-09-14T19:24:14","modified_gmt":"2025-09-14T19:24:14","slug":"colde-serap","status":"publish","type":"page","link":"https:\/\/muhammedyildirir.com\/tr\/colde-serap\/","title":{"rendered":"\u00c7\u00f6lde serap"},"content":{"rendered":"\t\t<div data-elementor-type=\"wp-page\" data-elementor-id=\"2526\" class=\"elementor elementor-2526\">\n\t\t\t\t\t\t<section class=\"elementor-section elementor-top-section elementor-element elementor-element-f2da356 elementor-section-content-middle elementor-section-boxed elementor-section-height-default elementor-section-height-default\" data-id=\"f2da356\" data-element_type=\"section\">\n\t\t\t\t\t\t<div class=\"elementor-container elementor-column-gap-wider\">\n\t\t\t\t\t<div class=\"elementor-column elementor-col-33 elementor-top-column elementor-element elementor-element-b6e7ccc\" data-id=\"b6e7ccc\" data-element_type=\"column\">\n\t\t\t<div class=\"elementor-widget-wrap elementor-element-populated\">\n\t\t\t\t\t\t<div class=\"elementor-element elementor-element-a80ab7d animated-fast elementor-invisible elementor-widget elementor-widget-musico-music-player\" data-id=\"a80ab7d\" data-element_type=\"widget\" data-settings=\"{&quot;_animation&quot;:&quot;fadeInRight&quot;}\" data-widget_type=\"musico-music-player.default\">\n\t\t\t\t<div class=\"elementor-widget-container\">\n\t\t\t<input type=\"hidden\" id=\"a80ab7d_songlist\" value=\"[{&quot;title&quot;:&quot;\\u00c7\\u00f6lde Serap&quot;,&quot;artist&quot;:&quot;2007&quot;,&quot;mp3&quot;:&quot;&quot;,&quot;poster&quot;:&quot;https:\\\/\\\/muhammedyildirir.com\\\/tr\\\/wp-content\\\/uploads\\\/2025\\\/03\\\/sarap-150x150.png&quot;}]\"\/>\n<div class=\"music_player\" data-songlist=\"a80ab7d_songlist\">\n\t<div class=\"player\">\n\t\t<div class=\"player__background\"><\/div>\n\t\t<img decoding=\"async\" src=\"https:\/\/muhammedyildirir.com\/tr\/wp-content\/themes\/musico\/images\/default-image.jpg\" alt=\"\" class=\"player__img\">\n\t\t<h2 class=\"player__title\"><\/h2>\n\t\t<h3 class=\"player__artist\"><\/h3>\n\t\t<div class=\"player__controls\">\n\t\t\t<a href=\"javascript:;\" class=\"player__controls__prev\"><i class=\"fa fa-backward\"><\/i><\/a>\n\t\t\t<a href=\"javascript:;\" class=\"player__controls__play\"><i class=\"fa fa-play\"><\/i><\/a>\n\t\t\t<a href=\"javascript:;\" class=\"player__controls__next\"><i class=\"fa fa-forward\"><\/i><\/a>\n\t\t<\/div>\n\t\t<div class=\"player__scrubber\">\n\t\t  \t<div class=\"player__scrubber__fill\"><\/div>\n\t\t  \t<div class=\"player__scrubber__handle\"><\/div>\n\t\t<\/div>\n\t\t<div class=\"player__time\">\n\t\t  \t<div class=\"player__time__played\">0:00<\/div>\n\t\t  \t<div class=\"player__time__duration\">-:--<\/div>\n\t\t<\/div>\n\t<\/div>\n<\/div>\n\t\t<\/div>\n\t\t\t\t<\/div>\n\t\t\t\t\t<\/div>\n\t\t<\/div>\n\t\t\t\t<div class=\"elementor-column elementor-col-66 elementor-top-column elementor-element elementor-element-1aa7b00\" data-id=\"1aa7b00\" data-element_type=\"column\">\n\t\t\t<div class=\"elementor-widget-wrap elementor-element-populated\">\n\t\t\t\t\t\t<div class=\"elementor-element elementor-element-ebe520b animated-fast elementor-invisible elementor-widget elementor-widget-heading\" data-id=\"ebe520b\" data-element_type=\"widget\" data-settings=\"{&quot;_animation&quot;:&quot;fadeInLeft&quot;,&quot;_animation_delay&quot;:200}\" data-widget_type=\"heading.default\">\n\t\t\t\t<div class=\"elementor-widget-container\">\n\t\t\t<h1 class=\"elementor-heading-title elementor-size-default\">\u00c7\u00f6lde Serap<\/h1>\t\t<\/div>\n\t\t\t\t<\/div>\n\t\t\t\t<div class=\"elementor-element elementor-element-e48e3e2 animated-fast elementor-invisible elementor-widget elementor-widget-text-editor\" data-id=\"e48e3e2\" data-element_type=\"widget\" data-settings=\"{&quot;_animation&quot;:&quot;fadeInLeft&quot;,&quot;_animation_delay&quot;:250}\" data-widget_type=\"text-editor.default\">\n\t\t\t\t<div class=\"elementor-widget-container\">\n\t\t\t\t\t\t\t<p>Her ne kadar yeni bir alb\u00fcm gibi g\u00f6r\u00fcnse de, \u00c7\u00f6lde Serap asl\u0131nda 2007 y\u0131l\u0131nda, bir dostumun \u015fiir projesi i\u00e7in, onun \u015fiirlerine \u00f6zel olarak besteledi\u011fim m\u00fcziklerden olu\u015fan bir \u00e7al\u0131\u015fma olarak ortaya \u00e7\u0131kt\u0131.<\/p><p>Bu alb\u00fcm\u00fc kaydetti\u011fimde hen\u00fcz 18 ya\u015f\u0131ndayd\u0131m.<\/p><p>Y\u0131llar sonra, projeyi \u00fcstlenen firma bu \u00e7al\u0131\u015fmay\u0131 yaln\u0131zca \u015fiirlere e\u015flik eden m\u00fczik olmaktan \u00e7\u0131kar\u0131p, ba\u011f\u0131ms\u0131z bir enstr\u00fcmantal alb\u00fcm olarak yay\u0131nlad\u0131. Ve \u015fimdi, bu eserleri sizlerle payla\u015fman\u0131n heyecan\u0131n\u0131 ve mutlulu\u011funu ya\u015f\u0131yorum.<\/p>\t\t\t\t\t\t<\/div>\n\t\t\t\t<\/div>\n\t\t\t\t<div class=\"elementor-element elementor-element-cff5738 animated-fast elementor-invisible elementor-widget elementor-widget-heading\" data-id=\"cff5738\" data-element_type=\"widget\" data-settings=\"{&quot;_animation&quot;:&quot;fadeInLeft&quot;,&quot;_animation_delay&quot;:350}\" data-widget_type=\"heading.default\">\n\t\t\t\t<div class=\"elementor-widget-container\">\n\t\t\t<h3 class=\"elementor-heading-title elementor-size-default\">Dinle<\/h3>\t\t<\/div>\n\t\t\t\t<\/div>\n\t\t\t\t<section class=\"elementor-section elementor-inner-section elementor-element elementor-element-d0d1c3f elementor-section-boxed elementor-section-height-default elementor-section-height-default\" data-id=\"d0d1c3f\" data-element_type=\"section\">\n\t\t\t\t\t\t<div class=\"elementor-container elementor-column-gap-no\">\n\t\t\t\t\t<div class=\"elementor-column elementor-col-33 elementor-inner-column elementor-element elementor-element-6b8242e\" data-id=\"6b8242e\" data-element_type=\"column\">\n\t\t\t<div class=\"elementor-widget-wrap elementor-element-populated\">\n\t\t\t\t\t\t<div class=\"elementor-element elementor-element-14fa195 animated-fast elementor-invisible elementor-widget elementor-widget-button\" data-id=\"14fa195\" data-element_type=\"widget\" data-settings=\"{&quot;_animation&quot;:&quot;fadeInLeft&quot;,&quot;_animation_delay&quot;:400}\" data-widget_type=\"button.default\">\n\t\t\t\t<div class=\"elementor-widget-container\">\n\t\t\t\t\t\t\t<div class=\"elementor-button-wrapper\">\n\t\t\t\t\t<a class=\"elementor-button elementor-button-link elementor-size-sm\" href=\"https:\/\/music.apple.com\/tr\/album\/muhammed-y%C4%B1ld%C4%B1r%C4%B1r-besteleri\/1677292688?l=tr\">\n\t\t\t\t\t\t<span class=\"elementor-button-content-wrapper\">\n\t\t\t\t\t\t<span class=\"elementor-button-icon\">\n\t\t\t\t<svg aria-hidden=\"true\" class=\"e-font-icon-svg e-fab-apple\" viewBox=\"0 0 384 512\" xmlns=\"http:\/\/www.w3.org\/2000\/svg\"><path d=\"M318.7 268.7c-.2-36.7 16.4-64.4 50-84.8-18.8-26.9-47.2-41.7-84.7-44.6-35.5-2.8-74.3 20.7-88.5 20.7-15 0-49.4-19.7-76.4-19.7C63.3 141.2 4 184.8 4 273.5q0 39.3 14.4 81.2c12.8 36.7 59 126.7 107.2 125.2 25.2-.6 43-17.9 75.8-17.9 31.8 0 48.3 17.9 76.4 17.9 48.6-.7 90.4-82.5 102.6-119.3-65.2-30.7-61.7-90-61.7-91.9zm-56.6-164.2c27.3-32.4 24.8-61.9 24-72.5-24.1 1.4-52 16.4-67.9 34.9-17.5 19.8-27.8 44.3-25.6 71.9 26.1 2 49.9-11.4 69.5-34.3z\"><\/path><\/svg>\t\t\t<\/span>\n\t\t\t\t\t\t\t\t\t<span class=\"elementor-button-text\">Itunes<\/span>\n\t\t\t\t\t<\/span>\n\t\t\t\t\t<\/a>\n\t\t\t\t<\/div>\n\t\t\t\t\t\t<\/div>\n\t\t\t\t<\/div>\n\t\t\t\t\t<\/div>\n\t\t<\/div>\n\t\t\t\t<div class=\"elementor-column elementor-col-33 elementor-inner-column elementor-element elementor-element-6adf1c2\" data-id=\"6adf1c2\" data-element_type=\"column\">\n\t\t\t<div class=\"elementor-widget-wrap elementor-element-populated\">\n\t\t\t\t\t\t<div class=\"elementor-element elementor-element-ef76bb2 animated-fast elementor-invisible elementor-widget elementor-widget-button\" data-id=\"ef76bb2\" data-element_type=\"widget\" data-settings=\"{&quot;_animation&quot;:&quot;fadeInLeft&quot;,&quot;_animation_delay&quot;:450}\" data-widget_type=\"button.default\">\n\t\t\t\t<div class=\"elementor-widget-container\">\n\t\t\t\t\t\t\t<div class=\"elementor-button-wrapper\">\n\t\t\t\t\t<a class=\"elementor-button elementor-button-link elementor-size-sm\" href=\"https:\/\/open.spotify.com\/album\/5e7Y5PigY2YgKXXCuJfCeC?si=0pzSLsaOSfKCFU5VeloWIw\">\n\t\t\t\t\t\t<span class=\"elementor-button-content-wrapper\">\n\t\t\t\t\t\t<span class=\"elementor-button-icon\">\n\t\t\t\t<svg aria-hidden=\"true\" class=\"e-font-icon-svg e-fab-spotify\" viewBox=\"0 0 496 512\" xmlns=\"http:\/\/www.w3.org\/2000\/svg\"><path d=\"M248 8C111.1 8 0 119.1 0 256s111.1 248 248 248 248-111.1 248-248S384.9 8 248 8zm100.7 364.9c-4.2 0-6.8-1.3-10.7-3.6-62.4-37.6-135-39.2-206.7-24.5-3.9 1-9 2.6-11.9 2.6-9.7 0-15.8-7.7-15.8-15.8 0-10.3 6.1-15.2 13.6-16.8 81.9-18.1 165.6-16.5 237 26.2 6.1 3.9 9.7 7.4 9.7 16.5s-7.1 15.4-15.2 15.4zm26.9-65.6c-5.2 0-8.7-2.3-12.3-4.2-62.5-37-155.7-51.9-238.6-29.4-4.8 1.3-7.4 2.6-11.9 2.6-10.7 0-19.4-8.7-19.4-19.4s5.2-17.8 15.5-20.7c27.8-7.8 56.2-13.6 97.8-13.6 64.9 0 127.6 16.1 177 45.5 8.1 4.8 11.3 11 11.3 19.7-.1 10.8-8.5 19.5-19.4 19.5zm31-76.2c-5.2 0-8.4-1.3-12.9-3.9-71.2-42.5-198.5-52.7-280.9-29.7-3.6 1-8.1 2.6-12.9 2.6-13.2 0-23.3-10.3-23.3-23.6 0-13.6 8.4-21.3 17.4-23.9 35.2-10.3 74.6-15.2 117.5-15.2 73 0 149.5 15.2 205.4 47.8 7.8 4.5 12.9 10.7 12.9 22.6 0 13.6-11 23.3-23.2 23.3z\"><\/path><\/svg>\t\t\t<\/span>\n\t\t\t\t\t\t\t\t\t<span class=\"elementor-button-text\">Spotify<\/span>\n\t\t\t\t\t<\/span>\n\t\t\t\t\t<\/a>\n\t\t\t\t<\/div>\n\t\t\t\t\t\t<\/div>\n\t\t\t\t<\/div>\n\t\t\t\t\t<\/div>\n\t\t<\/div>\n\t\t\t\t<div class=\"elementor-column elementor-col-33 elementor-inner-column elementor-element elementor-element-a153724\" data-id=\"a153724\" data-element_type=\"column\">\n\t\t\t<div class=\"elementor-widget-wrap\">\n\t\t\t\t\t\t\t<\/div>\n\t\t<\/div>\n\t\t\t\t\t<\/div>\n\t\t<\/section>\n\t\t\t\t\t<\/div>\n\t\t<\/div>\n\t\t\t\t\t<\/div>\n\t\t<\/section>\n\t\t\t\t<\/div>\n\t\t","protected":false},"excerpt":{"rendered":"<p>0:00 -:&#8211; \u00c7\u00f6lde Serap Her ne kadar yeni bir alb\u00fcm gibi g\u00f6r\u00fcnse de, \u00c7\u00f6lde Serap asl\u0131nda 2007 y\u0131l\u0131nda, bir dostumun \u015fiir projesi i\u00e7in, onun \u015fiirlerine \u00f6zel olarak besteledi\u011fim m\u00fcziklerden olu\u015fan bir \u00e7al\u0131\u015fma olarak ortaya \u00e7\u0131kt\u0131. Bu alb\u00fcm\u00fc kaydetti\u011fimde hen\u00fcz 18 [&hellip;]<\/p>\n","protected":false},"author":1,"featured_media":0,"parent":0,"menu_order":0,"comment_status":"closed","ping_status":"closed","template":"","meta":{"_monsterinsights_skip_tracking":false,"_monsterinsights_sitenote_active":false,"_monsterinsights_sitenote_note":"","_monsterinsights_sitenote_category":0,"footnotes":""},"class_list":["post-2526","page","type-page","status-publish","hentry"],"yoast_head":"<!-- This site is optimized with the Yoast SEO Premium plugin v21.1 (Yoast SEO v21.1) - https:\/\/yoast.com\/wordpress\/plugins\/seo\/ -->\n<title>\u00c7\u00f6lde serap - muhammed yildirir<\/title>\n<meta name=\"robots\" content=\"index, follow, max-snippet:-1, max-image-preview:large, max-video-preview:-1\" \/>\n<link rel=\"canonical\" href=\"https:\/\/muhammedyildirir.com\/tr\/colde-serap\/\" \/>\n<meta property=\"og:locale\" content=\"en_US\" \/>\n<meta property=\"og:type\" content=\"article\" \/>\n<meta property=\"og:title\" content=\"\u00c7\u00f6lde serap\" \/>\n<meta property=\"og:description\" content=\"0:00 -:&#8211; \u00c7\u00f6lde Serap Her ne kadar yeni bir alb\u00fcm gibi g\u00f6r\u00fcnse de, \u00c7\u00f6lde Serap asl\u0131nda 2007 y\u0131l\u0131nda, bir dostumun \u015fiir projesi i\u00e7in, onun \u015fiirlerine \u00f6zel olarak besteledi\u011fim m\u00fcziklerden olu\u015fan bir \u00e7al\u0131\u015fma olarak ortaya \u00e7\u0131kt\u0131. Bu alb\u00fcm\u00fc kaydetti\u011fimde hen\u00fcz 18 [&hellip;]\" \/>\n<meta property=\"og:url\" content=\"https:\/\/muhammedyildirir.com\/tr\/colde-serap\/\" \/>\n<meta property=\"og:site_name\" content=\"muhammed yildirir\" \/>\n<meta property=\"article:modified_time\" content=\"2025-09-14T19:24:14+00:00\" \/>\n<meta property=\"og:image\" content=\"https:\/\/muhammedyildirir.com\/tr\/wp-content\/themes\/musico\/images\/default-image.jpg\" \/>\n<meta name=\"twitter:card\" content=\"summary_large_image\" \/>\n<meta name=\"twitter:label1\" content=\"Est. reading time\" \/>\n\t<meta name=\"twitter:data1\" content=\"1 minute\" \/>\n<script type=\"application\/ld+json\" class=\"yoast-schema-graph\">{\"@context\":\"https:\/\/schema.org\",\"@graph\":[{\"@type\":\"WebPage\",\"@id\":\"https:\/\/muhammedyildirir.com\/tr\/colde-serap\/\",\"url\":\"https:\/\/muhammedyildirir.com\/tr\/colde-serap\/\",\"name\":\"\u00c7\u00f6lde serap - muhammed yildirir\",\"isPartOf\":{\"@id\":\"https:\/\/muhammedyildirir.com\/tr\/#website\"},\"datePublished\":\"2025-03-14T20:00:08+00:00\",\"dateModified\":\"2025-09-14T19:24:14+00:00\",\"breadcrumb\":{\"@id\":\"https:\/\/muhammedyildirir.com\/tr\/colde-serap\/#breadcrumb\"},\"inLanguage\":\"en-US\",\"potentialAction\":[{\"@type\":\"ReadAction\",\"target\":[\"https:\/\/muhammedyildirir.com\/tr\/colde-serap\/\"]}]},{\"@type\":\"BreadcrumbList\",\"@id\":\"https:\/\/muhammedyildirir.com\/tr\/colde-serap\/#breadcrumb\",\"itemListElement\":[{\"@type\":\"ListItem\",\"position\":1,\"name\":\"Home\",\"item\":\"https:\/\/muhammedyildirir.com\/tr\/\"},{\"@type\":\"ListItem\",\"position\":2,\"name\":\"\u00c7\u00f6lde serap\"}]},{\"@type\":\"WebSite\",\"@id\":\"https:\/\/muhammedyildirir.com\/tr\/#website\",\"url\":\"https:\/\/muhammedyildirir.com\/tr\/\",\"name\":\"muhammed yildirir\",\"description\":\"\",\"potentialAction\":[{\"@type\":\"SearchAction\",\"target\":{\"@type\":\"EntryPoint\",\"urlTemplate\":\"https:\/\/muhammedyildirir.com\/tr\/?s={search_term_string}\"},\"query-input\":\"required name=search_term_string\"}],\"inLanguage\":\"en-US\"}]}<\/script>\n<!-- \/ Yoast SEO Premium plugin. -->","yoast_head_json":{"title":"\u00c7\u00f6lde serap - muhammed yildirir","robots":{"index":"index","follow":"follow","max-snippet":"max-snippet:-1","max-image-preview":"max-image-preview:large","max-video-preview":"max-video-preview:-1"},"canonical":"https:\/\/muhammedyildirir.com\/tr\/colde-serap\/","og_locale":"en_US","og_type":"article","og_title":"\u00c7\u00f6lde serap","og_description":"0:00 -:&#8211; \u00c7\u00f6lde Serap Her ne kadar yeni bir alb\u00fcm gibi g\u00f6r\u00fcnse de, \u00c7\u00f6lde Serap asl\u0131nda 2007 y\u0131l\u0131nda, bir dostumun \u015fiir projesi i\u00e7in, onun \u015fiirlerine \u00f6zel olarak besteledi\u011fim m\u00fcziklerden olu\u015fan bir \u00e7al\u0131\u015fma olarak ortaya \u00e7\u0131kt\u0131. Bu alb\u00fcm\u00fc kaydetti\u011fimde hen\u00fcz 18 [&hellip;]","og_url":"https:\/\/muhammedyildirir.com\/tr\/colde-serap\/","og_site_name":"muhammed yildirir","article_modified_time":"2025-09-14T19:24:14+00:00","og_image":[{"url":"https:\/\/muhammedyildirir.com\/tr\/wp-content\/themes\/musico\/images\/default-image.jpg"}],"twitter_card":"summary_large_image","twitter_misc":{"Est. reading time":"1 minute"},"schema":{"@context":"https:\/\/schema.org","@graph":[{"@type":"WebPage","@id":"https:\/\/muhammedyildirir.com\/tr\/colde-serap\/","url":"https:\/\/muhammedyildirir.com\/tr\/colde-serap\/","name":"\u00c7\u00f6lde serap - muhammed yildirir","isPartOf":{"@id":"https:\/\/muhammedyildirir.com\/tr\/#website"},"datePublished":"2025-03-14T20:00:08+00:00","dateModified":"2025-09-14T19:24:14+00:00","breadcrumb":{"@id":"https:\/\/muhammedyildirir.com\/tr\/colde-serap\/#breadcrumb"},"inLanguage":"en-US","potentialAction":[{"@type":"ReadAction","target":["https:\/\/muhammedyildirir.com\/tr\/colde-serap\/"]}]},{"@type":"BreadcrumbList","@id":"https:\/\/muhammedyildirir.com\/tr\/colde-serap\/#breadcrumb","itemListElement":[{"@type":"ListItem","position":1,"name":"Home","item":"https:\/\/muhammedyildirir.com\/tr\/"},{"@type":"ListItem","position":2,"name":"\u00c7\u00f6lde serap"}]},{"@type":"WebSite","@id":"https:\/\/muhammedyildirir.com\/tr\/#website","url":"https:\/\/muhammedyildirir.com\/tr\/","name":"muhammed yildirir","description":"","potentialAction":[{"@type":"SearchAction","target":{"@type":"EntryPoint","urlTemplate":"https:\/\/muhammedyildirir.com\/tr\/?s={search_term_string}"},"query-input":"required name=search_term_string"}],"inLanguage":"en-US"}]}},"_links":{"self":[{"href":"https:\/\/muhammedyildirir.com\/tr\/wp-json\/wp\/v2\/pages\/2526","targetHints":{"allow":["GET"]}}],"collection":[{"href":"https:\/\/muhammedyildirir.com\/tr\/wp-json\/wp\/v2\/pages"}],"about":[{"href":"https:\/\/muhammedyildirir.com\/tr\/wp-json\/wp\/v2\/types\/page"}],"author":[{"embeddable":true,"href":"https:\/\/muhammedyildirir.com\/tr\/wp-json\/wp\/v2\/users\/1"}],"replies":[{"embeddable":true,"href":"https:\/\/muhammedyildirir.com\/tr\/wp-json\/wp\/v2\/comments?post=2526"}],"version-history":[{"count":19,"href":"https:\/\/muhammedyildirir.com\/tr\/wp-json\/wp\/v2\/pages\/2526\/revisions"}],"predecessor-version":[{"id":2904,"href":"https:\/\/muhammedyildirir.com\/tr\/wp-json\/wp\/v2\/pages\/2526\/revisions\/2904"}],"wp:attachment":[{"href":"https:\/\/muhammedyildirir.com\/tr\/wp-json\/wp\/v2\/media?parent=2526"}],"curies":[{"name":"wp","href":"https:\/\/api.w.org\/{rel}","templated":true}]}}