{"id":2182,"date":"2024-12-18T11:04:35","date_gmt":"2024-12-18T11:04:35","guid":{"rendered":"https:\/\/muhammedyildirir.com\/tr\/?page_id=2182"},"modified":"2025-09-16T19:48:42","modified_gmt":"2025-09-16T19:48:42","slug":"contact-us","status":"publish","type":"page","link":"https:\/\/muhammedyildirir.com\/tr\/contact-us\/","title":{"rendered":"\u0130let\u0130\u015f\u0130m"},"content":{"rendered":"\t\t<div data-elementor-type=\"wp-page\" data-elementor-id=\"2182\" class=\"elementor elementor-2182\">\n\t\t\t\t<div class=\"elementor-element elementor-element-922d34b e-flex e-con-boxed e-con e-parent\" data-id=\"922d34b\" data-element_type=\"container\">\n\t\t\t\t\t<div class=\"e-con-inner\">\n\t\t\t\t<div class=\"elementor-element elementor-element-a204c05 elementor-widget elementor-widget-image\" data-id=\"a204c05\" data-element_type=\"widget\" data-widget_type=\"image.default\">\n\t\t\t\t<div class=\"elementor-widget-container\">\n\t\t\t\t\t\t\t\t\t\t\t\t\t<img fetchpriority=\"high\" decoding=\"async\" width=\"1024\" height=\"336\" src=\"https:\/\/muhammedyildirir.com\/tr\/wp-content\/uploads\/2025\/03\/ISF_LOGO_BANTLI_Calisma-Yuzeyi-1-1024x336.png\" class=\"attachment-large size-large wp-image-2494\" alt=\"\" srcset=\"https:\/\/muhammedyildirir.com\/tr\/wp-content\/uploads\/2025\/03\/ISF_LOGO_BANTLI_Calisma-Yuzeyi-1-1024x336.png 1024w, https:\/\/muhammedyildirir.com\/tr\/wp-content\/uploads\/2025\/03\/ISF_LOGO_BANTLI_Calisma-Yuzeyi-1-300x98.png 300w, https:\/\/muhammedyildirir.com\/tr\/wp-content\/uploads\/2025\/03\/ISF_LOGO_BANTLI_Calisma-Yuzeyi-1-768x252.png 768w, https:\/\/muhammedyildirir.com\/tr\/wp-content\/uploads\/2025\/03\/ISF_LOGO_BANTLI_Calisma-Yuzeyi-1-1536x504.png 1536w, https:\/\/muhammedyildirir.com\/tr\/wp-content\/uploads\/2025\/03\/ISF_LOGO_BANTLI_Calisma-Yuzeyi-1-2048x672.png 2048w, https:\/\/muhammedyildirir.com\/tr\/wp-content\/uploads\/2025\/03\/ISF_LOGO_BANTLI_Calisma-Yuzeyi-1-440x144.png 440w, https:\/\/muhammedyildirir.com\/tr\/wp-content\/uploads\/2025\/03\/ISF_LOGO_BANTLI_Calisma-Yuzeyi-1-600x197.png 600w\" sizes=\"(max-width: 1024px) 100vw, 1024px\" \/>\t\t\t\t\t\t\t\t\t\t\t\t\t<\/div>\n\t\t\t\t<\/div>\n\t\t\t\t\t<\/div>\n\t\t\t\t<\/div>\n\t\t<div class=\"elementor-element elementor-element-93a4fb6 e-flex e-con-boxed e-con e-parent\" data-id=\"93a4fb6\" data-element_type=\"container\">\n\t\t\t\t\t<div class=\"e-con-inner\">\n\t\t\t\t<div class=\"elementor-element elementor-element-caaa020 elementor-widget elementor-widget-text-editor\" data-id=\"caaa020\" data-element_type=\"widget\" data-widget_type=\"text-editor.default\">\n\t\t\t\t<div class=\"elementor-widget-container\">\n\t\t\t\t\t\t\t<p style=\"text-align: center;\">Adres : Bah\u00e7elievler,79. Cadde No.84 06830 G\u00f6lba\u015f\u0131\/Ankara<\/p><p style=\"text-align: center;\">Telefon numaras\u0131\u00a0: +90 (535) 010 20 64<\/p><p style=\"text-align: center;\">E-posta: info@muhammedyildirir.com<\/p>\t\t\t\t\t\t<\/div>\n\t\t\t\t<\/div>\n\t\t\t\t\t<\/div>\n\t\t\t\t<\/div>\n\t\t\t\t<\/div>\n\t\t","protected":false},"excerpt":{"rendered":"<p>Adres : Bah\u00e7elievler,79. Cadde No.84 06830 G\u00f6lba\u015f\u0131\/Ankara Telefon numaras\u0131\u00a0: +90 (535) 010 20 64 E-posta: info@muhammedyildirir.com<\/p>\n","protected":false},"author":1,"featured_media":0,"parent":0,"menu_order":0,"comment_status":"closed","ping_status":"closed","template":"","meta":{"_monsterinsights_skip_tracking":false,"_monsterinsights_sitenote_active":false,"_monsterinsights_sitenote_note":"","_monsterinsights_sitenote_category":0,"footnotes":""},"class_list":["post-2182","page","type-page","status-publish","hentry"],"yoast_head":"<!-- This site is optimized with the Yoast SEO Premium plugin v21.1 (Yoast SEO v21.1) - https:\/\/yoast.com\/wordpress\/plugins\/seo\/ -->\n<title>\u0130let\u0130\u015f\u0130m - muhammed yildirir<\/title>\n<meta name=\"robots\" content=\"index, follow, max-snippet:-1, max-image-preview:large, max-video-preview:-1\" \/>\n<link rel=\"canonical\" href=\"https:\/\/muhammedyildirir.com\/tr\/contact-us\/\" \/>\n<meta property=\"og:locale\" content=\"en_US\" \/>\n<meta property=\"og:type\" content=\"article\" \/>\n<meta property=\"og:title\" content=\"\u0130let\u0130\u015f\u0130m\" \/>\n<meta property=\"og:description\" content=\"Adres : Bah\u00e7elievler,79. Cadde No.84 06830 G\u00f6lba\u015f\u0131\/Ankara Telefon numaras\u0131\u00a0: +90 (535) 010 20 64 E-posta: info@muhammedyildirir.com\" \/>\n<meta property=\"og:url\" content=\"https:\/\/muhammedyildirir.com\/tr\/contact-us\/\" \/>\n<meta property=\"og:site_name\" content=\"muhammed yildirir\" \/>\n<meta property=\"article:modified_time\" content=\"2025-09-16T19:48:42+00:00\" \/>\n<meta property=\"og:image\" content=\"https:\/\/muhammedyildirir.com\/tr\/wp-content\/uploads\/2025\/03\/ISF_LOGO_BANTLI_Calisma-Yuzeyi-1-1024x336.png\" \/>\n<meta name=\"twitter:card\" content=\"summary_large_image\" \/>\n<meta name=\"twitter:label1\" content=\"Est. reading time\" \/>\n\t<meta name=\"twitter:data1\" content=\"1 minute\" \/>\n<script type=\"application\/ld+json\" class=\"yoast-schema-graph\">{\"@context\":\"https:\/\/schema.org\",\"@graph\":[{\"@type\":\"WebPage\",\"@id\":\"https:\/\/muhammedyildirir.com\/tr\/contact-us\/\",\"url\":\"https:\/\/muhammedyildirir.com\/tr\/contact-us\/\",\"name\":\"\u0130let\u0130\u015f\u0130m - muhammed yildirir\",\"isPartOf\":{\"@id\":\"https:\/\/muhammedyildirir.com\/tr\/#website\"},\"datePublished\":\"2024-12-18T11:04:35+00:00\",\"dateModified\":\"2025-09-16T19:48:42+00:00\",\"breadcrumb\":{\"@id\":\"https:\/\/muhammedyildirir.com\/tr\/contact-us\/#breadcrumb\"},\"inLanguage\":\"en-US\",\"potentialAction\":[{\"@type\":\"ReadAction\",\"target\":[\"https:\/\/muhammedyildirir.com\/tr\/contact-us\/\"]}]},{\"@type\":\"BreadcrumbList\",\"@id\":\"https:\/\/muhammedyildirir.com\/tr\/contact-us\/#breadcrumb\",\"itemListElement\":[{\"@type\":\"ListItem\",\"position\":1,\"name\":\"Home\",\"item\":\"https:\/\/muhammedyildirir.com\/tr\/\"},{\"@type\":\"ListItem\",\"position\":2,\"name\":\"\u0130let\u0130\u015f\u0130m\"}]},{\"@type\":\"WebSite\",\"@id\":\"https:\/\/muhammedyildirir.com\/tr\/#website\",\"url\":\"https:\/\/muhammedyildirir.com\/tr\/\",\"name\":\"muhammed yildirir\",\"description\":\"\",\"potentialAction\":[{\"@type\":\"SearchAction\",\"target\":{\"@type\":\"EntryPoint\",\"urlTemplate\":\"https:\/\/muhammedyildirir.com\/tr\/?s={search_term_string}\"},\"query-input\":\"required name=search_term_string\"}],\"inLanguage\":\"en-US\"}]}<\/script>\n<!-- \/ Yoast SEO Premium plugin. -->","yoast_head_json":{"title":"\u0130let\u0130\u015f\u0130m - muhammed yildirir","robots":{"index":"index","follow":"follow","max-snippet":"max-snippet:-1","max-image-preview":"max-image-preview:large","max-video-preview":"max-video-preview:-1"},"canonical":"https:\/\/muhammedyildirir.com\/tr\/contact-us\/","og_locale":"en_US","og_type":"article","og_title":"\u0130let\u0130\u015f\u0130m","og_description":"Adres : Bah\u00e7elievler,79. Cadde No.84 06830 G\u00f6lba\u015f\u0131\/Ankara Telefon numaras\u0131\u00a0: +90 (535) 010 20 64 E-posta: info@muhammedyildirir.com","og_url":"https:\/\/muhammedyildirir.com\/tr\/contact-us\/","og_site_name":"muhammed yildirir","article_modified_time":"2025-09-16T19:48:42+00:00","og_image":[{"url":"https:\/\/muhammedyildirir.com\/tr\/wp-content\/uploads\/2025\/03\/ISF_LOGO_BANTLI_Calisma-Yuzeyi-1-1024x336.png"}],"twitter_card":"summary_large_image","twitter_misc":{"Est. reading time":"1 minute"},"schema":{"@context":"https:\/\/schema.org","@graph":[{"@type":"WebPage","@id":"https:\/\/muhammedyildirir.com\/tr\/contact-us\/","url":"https:\/\/muhammedyildirir.com\/tr\/contact-us\/","name":"\u0130let\u0130\u015f\u0130m - muhammed yildirir","isPartOf":{"@id":"https:\/\/muhammedyildirir.com\/tr\/#website"},"datePublished":"2024-12-18T11:04:35+00:00","dateModified":"2025-09-16T19:48:42+00:00","breadcrumb":{"@id":"https:\/\/muhammedyildirir.com\/tr\/contact-us\/#breadcrumb"},"inLanguage":"en-US","potentialAction":[{"@type":"ReadAction","target":["https:\/\/muhammedyildirir.com\/tr\/contact-us\/"]}]},{"@type":"BreadcrumbList","@id":"https:\/\/muhammedyildirir.com\/tr\/contact-us\/#breadcrumb","itemListElement":[{"@type":"ListItem","position":1,"name":"Home","item":"https:\/\/muhammedyildirir.com\/tr\/"},{"@type":"ListItem","position":2,"name":"\u0130let\u0130\u015f\u0130m"}]},{"@type":"WebSite","@id":"https:\/\/muhammedyildirir.com\/tr\/#website","url":"https:\/\/muhammedyildirir.com\/tr\/","name":"muhammed yildirir","description":"","potentialAction":[{"@type":"SearchAction","target":{"@type":"EntryPoint","urlTemplate":"https:\/\/muhammedyildirir.com\/tr\/?s={search_term_string}"},"query-input":"required name=search_term_string"}],"inLanguage":"en-US"}]}},"_links":{"self":[{"href":"https:\/\/muhammedyildirir.com\/tr\/wp-json\/wp\/v2\/pages\/2182","targetHints":{"allow":["GET"]}}],"collection":[{"href":"https:\/\/muhammedyildirir.com\/tr\/wp-json\/wp\/v2\/pages"}],"about":[{"href":"https:\/\/muhammedyildirir.com\/tr\/wp-json\/wp\/v2\/types\/page"}],"author":[{"embeddable":true,"href":"https:\/\/muhammedyildirir.com\/tr\/wp-json\/wp\/v2\/users\/1"}],"replies":[{"embeddable":true,"href":"https:\/\/muhammedyildirir.com\/tr\/wp-json\/wp\/v2\/comments?post=2182"}],"version-history":[{"count":70,"href":"https:\/\/muhammedyildirir.com\/tr\/wp-json\/wp\/v2\/pages\/2182\/revisions"}],"predecessor-version":[{"id":2988,"href":"https:\/\/muhammedyildirir.com\/tr\/wp-json\/wp\/v2\/pages\/2182\/revisions\/2988"}],"wp:attachment":[{"href":"https:\/\/muhammedyildirir.com\/tr\/wp-json\/wp\/v2\/media?parent=2182"}],"curies":[{"name":"wp","href":"https:\/\/api.w.org\/{rel}","templated":true}]}}